{"id":521,"date":"2019-11-13T11:22:33","date_gmt":"2019-11-13T11:22:33","guid":{"rendered":"http:\/\/localhost:10015\/family-office\/"},"modified":"2019-11-14T12:56:57","modified_gmt":"2019-11-14T12:56:57","slug":"family-office","status":"publish","type":"page","link":"https:\/\/aspermonthome.com\/ru\/family-office\/","title":{"rendered":"Family office"},"content":{"rendered":"<p> <strong>Aspermont is multi-family office with a comprehensive and integrated service offering focusing on entrepreneurial families.<\/strong> <\/p>\n\n\n\n<p> <strong>Aspermont&nbsp;<\/strong>&nbsp;\u00d4\u00c7\u00f6&nbsp;<strong>family Office Services<\/strong> <\/p>\n\n\n\n<ul class=\"wp-block-list\"><li> We are a multi-family office focusing on entrepreneurial families <\/li><li> We are an independent service provider and offer an intergated solution based on our expertise in the field of banking &amp; law <\/li><li> We provide individual tailor-made solutions for each client <\/li><\/ul>","protected":false},"excerpt":{"rendered":"<p>Aspermont is multi-family office with a comprehensive and integrated service offering focusing on entrepreneurial families. Aspermont&nbsp;&nbsp;\u00d4\u00c7\u00f6&nbsp;family Office Services We are a multi-family office focusing on entrepreneurial families We are an independent service provider and offer an intergated solution based on our expertise in the field of banking &amp; law We provide individual tailor-made solutions for [&hellip;]<\/p>","protected":false},"author":9,"featured_media":0,"parent":0,"menu_order":0,"comment_status":"closed","ping_status":"closed","template":"allpage-template.php","meta":{"footnotes":""},"class_list":["post-521","page","type-page","status-publish","hentry"],"yoast_head":"<!-- This site is optimized with the Yoast SEO plugin v22.3 - https:\/\/yoast.com\/wordpress\/plugins\/seo\/ -->\n<title>Family office - Aspermont Home<\/title>\n<meta name=\"robots\" content=\"index, follow, max-snippet:-1, max-image-preview:large, max-video-preview:-1\" \/>\n<link rel=\"canonical\" href=\"https:\/\/aspermonthome.com\/ru\/de\/family-office\/\" \/>\n<meta property=\"og:locale\" content=\"ru_RU\" \/>\n<meta property=\"og:type\" content=\"article\" \/>\n<meta property=\"og:title\" content=\"Family office - Aspermont Home\" \/>\n<meta property=\"og:description\" content=\"Aspermont is multi-family office with a comprehensive and integrated service offering focusing on entrepreneurial families. Aspermont&nbsp;&nbsp;\u00d4\u00c7\u00f6&nbsp;family Office Services We are a multi-family office focusing on entrepreneurial families We are an independent service provider and offer an intergated solution based on our expertise in the field of banking &amp; law We provide individual tailor-made solutions for [&hellip;]\" \/>\n<meta property=\"og:url\" content=\"https:\/\/aspermonthome.com\/ru\/de\/family-office\/\" \/>\n<meta property=\"og:site_name\" content=\"Aspermont Home\" \/>\n<meta property=\"article:modified_time\" content=\"2019-11-14T12:56:57+00:00\" \/>\n<meta name=\"twitter:card\" content=\"summary_large_image\" \/>\n<script type=\"application\/ld+json\" class=\"yoast-schema-graph\">{\"@context\":\"https:\/\/schema.org\",\"@graph\":[{\"@type\":\"WebPage\",\"@id\":\"https:\/\/aspermonthome.com\/de\/family-office\/\",\"url\":\"https:\/\/aspermonthome.com\/de\/family-office\/\",\"name\":\"Family office - Aspermont Home\",\"isPartOf\":{\"@id\":\"https:\/\/aspermonthome.com\/#website\"},\"datePublished\":\"2019-11-13T11:22:33+00:00\",\"dateModified\":\"2019-11-14T12:56:57+00:00\",\"breadcrumb\":{\"@id\":\"https:\/\/aspermonthome.com\/de\/family-office\/#breadcrumb\"},\"inLanguage\":\"ru-RU\",\"potentialAction\":[{\"@type\":\"ReadAction\",\"target\":[\"https:\/\/aspermonthome.com\/de\/family-office\/\"]}]},{\"@type\":\"BreadcrumbList\",\"@id\":\"https:\/\/aspermonthome.com\/de\/family-office\/#breadcrumb\",\"itemListElement\":[{\"@type\":\"ListItem\",\"position\":1,\"name\":\"Home\",\"item\":\"https:\/\/aspermonthome.com\/\"},{\"@type\":\"ListItem\",\"position\":2,\"name\":\"Family office\"}]},{\"@type\":\"WebSite\",\"@id\":\"https:\/\/aspermonthome.com\/#website\",\"url\":\"https:\/\/aspermonthome.com\/\",\"name\":\"Aspermont Home\",\"description\":\"\",\"publisher\":{\"@id\":\"https:\/\/aspermonthome.com\/#organization\"},\"potentialAction\":[{\"@type\":\"SearchAction\",\"target\":{\"@type\":\"EntryPoint\",\"urlTemplate\":\"https:\/\/aspermonthome.com\/?s={search_term_string}\"},\"query-input\":\"required name=search_term_string\"}],\"inLanguage\":\"ru-RU\"},{\"@type\":\"Organization\",\"@id\":\"https:\/\/aspermonthome.com\/#organization\",\"name\":\"Aspermont home\",\"url\":\"https:\/\/aspermonthome.com\/\",\"logo\":{\"@type\":\"ImageObject\",\"inLanguage\":\"ru-RU\",\"@id\":\"https:\/\/aspermonthome.com\/#\/schema\/logo\/image\/\",\"url\":\"https:\/\/aspermonthome.com\/wp-content\/uploads\/2020\/08\/cropped-rsz_transparant_home_logo_light.png\",\"contentUrl\":\"https:\/\/aspermonthome.com\/wp-content\/uploads\/2020\/08\/cropped-rsz_transparant_home_logo_light.png\",\"width\":292,\"height\":53,\"caption\":\"Aspermont home\"},\"image\":{\"@id\":\"https:\/\/aspermonthome.com\/#\/schema\/logo\/image\/\"}}]}<\/script>\n<!-- \/ Yoast SEO plugin. -->","yoast_head_json":{"title":"Family office - Aspermont Home","robots":{"index":"index","follow":"follow","max-snippet":"max-snippet:-1","max-image-preview":"max-image-preview:large","max-video-preview":"max-video-preview:-1"},"canonical":"https:\/\/aspermonthome.com\/ru\/de\/family-office\/","og_locale":"ru_RU","og_type":"article","og_title":"Family office - Aspermont Home","og_description":"Aspermont is multi-family office with a comprehensive and integrated service offering focusing on entrepreneurial families. Aspermont&nbsp;&nbsp;\u00d4\u00c7\u00f6&nbsp;family Office Services We are a multi-family office focusing on entrepreneurial families We are an independent service provider and offer an intergated solution based on our expertise in the field of banking &amp; law We provide individual tailor-made solutions for [&hellip;]","og_url":"https:\/\/aspermonthome.com\/ru\/de\/family-office\/","og_site_name":"Aspermont Home","article_modified_time":"2019-11-14T12:56:57+00:00","twitter_card":"summary_large_image","schema":{"@context":"https:\/\/schema.org","@graph":[{"@type":"WebPage","@id":"https:\/\/aspermonthome.com\/de\/family-office\/","url":"https:\/\/aspermonthome.com\/de\/family-office\/","name":"Family office - Aspermont Home","isPartOf":{"@id":"https:\/\/aspermonthome.com\/#website"},"datePublished":"2019-11-13T11:22:33+00:00","dateModified":"2019-11-14T12:56:57+00:00","breadcrumb":{"@id":"https:\/\/aspermonthome.com\/de\/family-office\/#breadcrumb"},"inLanguage":"ru-RU","potentialAction":[{"@type":"ReadAction","target":["https:\/\/aspermonthome.com\/de\/family-office\/"]}]},{"@type":"BreadcrumbList","@id":"https:\/\/aspermonthome.com\/de\/family-office\/#breadcrumb","itemListElement":[{"@type":"ListItem","position":1,"name":"Home","item":"https:\/\/aspermonthome.com\/"},{"@type":"ListItem","position":2,"name":"Family office"}]},{"@type":"WebSite","@id":"https:\/\/aspermonthome.com\/#website","url":"https:\/\/aspermonthome.com\/","name":"Aspermont Home","description":"","publisher":{"@id":"https:\/\/aspermonthome.com\/#organization"},"potentialAction":[{"@type":"SearchAction","target":{"@type":"EntryPoint","urlTemplate":"https:\/\/aspermonthome.com\/?s={search_term_string}"},"query-input":"required name=search_term_string"}],"inLanguage":"ru-RU"},{"@type":"Organization","@id":"https:\/\/aspermonthome.com\/#organization","name":"Aspermont home","url":"https:\/\/aspermonthome.com\/","logo":{"@type":"ImageObject","inLanguage":"ru-RU","@id":"https:\/\/aspermonthome.com\/#\/schema\/logo\/image\/","url":"https:\/\/aspermonthome.com\/wp-content\/uploads\/2020\/08\/cropped-rsz_transparant_home_logo_light.png","contentUrl":"https:\/\/aspermonthome.com\/wp-content\/uploads\/2020\/08\/cropped-rsz_transparant_home_logo_light.png","width":292,"height":53,"caption":"Aspermont home"},"image":{"@id":"https:\/\/aspermonthome.com\/#\/schema\/logo\/image\/"}}]}},"_links":{"self":[{"href":"https:\/\/aspermonthome.com\/ru\/wp-json\/wp\/v2\/pages\/521","targetHints":{"allow":["GET"]}}],"collection":[{"href":"https:\/\/aspermonthome.com\/ru\/wp-json\/wp\/v2\/pages"}],"about":[{"href":"https:\/\/aspermonthome.com\/ru\/wp-json\/wp\/v2\/types\/page"}],"author":[{"embeddable":true,"href":"https:\/\/aspermonthome.com\/ru\/wp-json\/wp\/v2\/users\/9"}],"replies":[{"embeddable":true,"href":"https:\/\/aspermonthome.com\/ru\/wp-json\/wp\/v2\/comments?post=521"}],"version-history":[{"count":0,"href":"https:\/\/aspermonthome.com\/ru\/wp-json\/wp\/v2\/pages\/521\/revisions"}],"wp:attachment":[{"href":"https:\/\/aspermonthome.com\/ru\/wp-json\/wp\/v2\/media?parent=521"}],"curies":[{"name":"wp","href":"https:\/\/api.w.org\/{rel}","templated":true}]}}