{"id":284,"date":"2019-11-13T13:47:27","date_gmt":"2019-11-13T13:47:27","guid":{"rendered":"http:\/\/localhost:10015\/?page_id=284"},"modified":"2019-12-02T08:18:53","modified_gmt":"2019-12-02T08:18:53","slug":"gadgets","status":"publish","type":"page","link":"https:\/\/aspermonthome.com\/ru\/gadgets\/","title":{"rendered":"\u0413\u0430\u0434\u0436\u0435\u0442\u044b"},"content":{"rendered":"<ul class=\"wp-block-list\"><li> \u041c\u044b \u043c\u043e\u0436\u0435\u043c \u043e\u0440\u0433\u0430\u043d\u0438\u0437\u043e\u0432\u0430\u0442\u044c \u043b\u0438\u043c\u0443\u0437\u0438\u043d \u0438 \u0437\u0430\u0431\u0440\u043e\u043d\u0438\u0440\u043e\u0432\u0430\u0442\u044c \u043e\u0442\u0435\u043b\u0438 \u0432 \u0426\u044e\u0440\u0438\u0445\u0435 \u0438 \u0448\u0432\u0435\u0439\u0446\u0430\u0440\u0441\u043a\u0438\u0445 \u0433\u043e\u0440\u0430\u0445.<\/li><li>  \u041c\u044b \u043c\u043e\u0436\u0435\u043c \u043f\u043e\u043c\u043e\u0447\u044c \u0432\u0430\u043c \u0432 \u043f\u043e\u043a\u0443\u043f\u043a\u0435 \u0443\u043d\u0438\u043a\u0430\u043b\u044c\u043d\u044b\u0445 \u0448\u0432\u0435\u0439\u0446\u0430\u0440\u0441\u043a\u0438\u0445 \u0447\u0430\u0441\u043e\u0432<\/li><li>  \u041c\u044b \u043c\u043e\u0436\u0435\u043c \u043f\u043e\u0434\u0434\u0435\u0440\u0436\u0430\u0442\u044c \u0432\u0430\u0441 \u0432 \u043f\u043e\u043a\u0443\u043f\u043a\u0435 \u0440\u043e\u0441\u043a\u043e\u0448\u043d\u044b\u0445 \/ \u0432\u0438\u043d\u0442\u0430\u0436\u043d\u044b\u0445 \u0430\u0432\u0442\u043e\u043c\u043e\u0431\u0438\u043b\u0435\u0439<\/li><li>  \u041c\u044b \u043c\u043e\u0436\u0435\u043c \u043f\u043e\u0434\u0434\u0435\u0440\u0436\u0430\u0442\u044c \u0432\u0430\u0441 \u0432 \u043f\u043e\u043a\u0443\u043f\u043a\u0435 \u044f\u0445\u0442<\/li><li>  \u041c\u044b \u043c\u043e\u0436\u0435\u043c \u043f\u043e\u043c\u043e\u0447\u044c \u0432\u0430\u043c \u0432 \u043f\u043e\u043a\u0443\u043f\u043a\u0435 \u0447\u0430\u0441\u0442\u043d\u044b\u0445 \u0441\u0430\u043c\u043e\u043b\u0435\u0442\u043e\u0432<\/li><li>  \u041c\u044b \u043c\u043e\u0436\u0435\u043c \u043f\u043e\u0434\u0434\u0435\u0440\u0436\u0430\u0442\u044c \u0432\u0430\u0441 \u0432 \u043f\u043e\u043a\u0443\u043f\u043a\u0435 \u043f\u0440\u043e\u0438\u0437\u0432\u0435\u0434\u0435\u043d\u0438\u0439 \u0438\u0441\u043a\u0443\u0441\u0441\u0442\u0432\u0430\/\u0436\u0438\u0432\u043e\u043f\u0438\u0441\u0438<\/li><li>  We can organize for you purchase of Vintage Vine <\/li><\/ul>\n\n\n\n<figure class=\"wp-block-image size-large is-resized\"><img loading=\"lazy\" decoding=\"async\" src=\"http:\/\/localhost:10015\/wp-content\/uploads\/2019\/11\/gadgets2.png\" alt=\"\" class=\"wp-image-285\" width=\"541\" height=\"406\" srcset=\"https:\/\/aspermonthome.com\/wp-content\/uploads\/2019\/11\/gadgets2.png 541w, https:\/\/aspermonthome.com\/wp-content\/uploads\/2019\/11\/gadgets2-300x225.png 300w\" sizes=\"auto, (max-width: 541px) 100vw, 541px\" \/><\/figure>\n\n\n\n<p><strong>Case study<\/strong><br><strong>VINTAGE CARS COLLECTION<\/strong><\/p>\n\n\n\n<ol class=\"wp-block-list\"><li> Structuring through European companies<\/li><li>  Assistance in the purchase<\/li><li>  Assistance in the maintenance of purchase cars <ul><li> Arrangement of technical support<\/li><li> Garage <\/li><li> Arrangement of transportation services, e.g. the client plans to visit France and would like his car to \u00d4\u00c7\u00a3expect\u00d4\u00c7\u00d8 him at the destination. <\/li><\/ul><\/li><\/ol>\n\n\n\n<p><strong>Case study<\/strong><br><strong>PURCHASE OF YACHTS<\/strong><\/p>\n\n\n\n<ol class=\"wp-block-list\"><li> Optimized structuring<ul><li> Selection of attractive jurisdiction<\/li><li> Selection of attractive country of registration of yacht (yacht\u00d4\u00c7\u00d6s flag state)<\/li><\/ul><\/li><li>  Support in the yacht management and structuring of ownership<ul><li> Drafting and execution of the employment contracts for the crew<\/li><li> Structuring of the financing <\/li><li> Credit card <\/li><\/ul><\/li><\/ol>\n\n\n\n<p><strong>Case study<\/strong><br><strong>PRIVATE JETS<\/strong><\/p>\n\n\n\n<ul class=\"wp-block-list\"><li>  Assistance in the purchase<\/li><li>  Structuring of the ownership<\/li><li>  Structuring of the financing<\/li><li>  Support in management and maintenance<\/li><\/ul>\n\n\n\n<p><strong>Case study<\/strong><br><strong>PURCHASE OF ART (PAINTINGS)<\/strong> <\/p>\n\n\n\n<ul class=\"wp-block-list\"><li> Assistance in sale and purchase of paintings<\/li><li>  Structuring of the deal<\/li><li>  Structuring of the financing <\/li><\/ul>","protected":false},"excerpt":{"rendered":"<p>We can organize limo transportation and book hotels in Zurich and Swiss mountains We can assist you in buying unique Swiss Watches We can support you in buying Luxury \/ Vintage Cars We can support you in buying Yachts We can assist you in buying Private Jets We can support you in buying Arts\/Painting We [&hellip;]<\/p>","protected":false},"author":9,"featured_media":0,"parent":0,"menu_order":0,"comment_status":"closed","ping_status":"closed","template":"allpage-template.php","meta":{"footnotes":""},"class_list":["post-284","page","type-page","status-publish","hentry"],"yoast_head":"<!-- This site is optimized with the Yoast SEO plugin v22.3 - https:\/\/yoast.com\/wordpress\/plugins\/seo\/ -->\n<title>Gadgets - Aspermont Home<\/title>\n<meta name=\"robots\" content=\"index, follow, max-snippet:-1, max-image-preview:large, max-video-preview:-1\" \/>\n<link rel=\"canonical\" href=\"https:\/\/aspermonthome.com\/ru\/gadgets\/\" \/>\n<meta property=\"og:locale\" content=\"ru_RU\" \/>\n<meta property=\"og:type\" content=\"article\" \/>\n<meta property=\"og:title\" content=\"Gadgets - Aspermont Home\" \/>\n<meta property=\"og:description\" content=\"We can organize limo transportation and book hotels in Zurich and Swiss mountains We can assist you in buying unique Swiss Watches We can support you in buying Luxury \/ Vintage Cars We can support you in buying Yachts We can assist you in buying Private Jets We can support you in buying Arts\/Painting We [&hellip;]\" \/>\n<meta property=\"og:url\" content=\"https:\/\/aspermonthome.com\/ru\/gadgets\/\" \/>\n<meta property=\"og:site_name\" content=\"Aspermont Home\" \/>\n<meta property=\"article:modified_time\" content=\"2019-12-02T08:18:53+00:00\" \/>\n<meta property=\"og:image\" content=\"http:\/\/localhost:10015\/wp-content\/uploads\/2019\/11\/gadgets2.png\" \/>\n<meta name=\"twitter:card\" content=\"summary_large_image\" \/>\n<meta name=\"twitter:label1\" content=\"\u041f\u0440\u0438\u043c\u0435\u0440\u043d\u043e\u0435 \u0432\u0440\u0435\u043c\u044f \u0434\u043b\u044f \u0447\u0442\u0435\u043d\u0438\u044f\" \/>\n\t<meta name=\"twitter:data1\" content=\"1 \u043c\u0438\u043d\u0443\u0442\u0430\" \/>\n<script type=\"application\/ld+json\" class=\"yoast-schema-graph\">{\"@context\":\"https:\/\/schema.org\",\"@graph\":[{\"@type\":\"WebPage\",\"@id\":\"https:\/\/aspermonthome.com\/gadgets\/\",\"url\":\"https:\/\/aspermonthome.com\/gadgets\/\",\"name\":\"Gadgets - Aspermont Home\",\"isPartOf\":{\"@id\":\"https:\/\/aspermonthome.com\/#website\"},\"primaryImageOfPage\":{\"@id\":\"https:\/\/aspermonthome.com\/gadgets\/#primaryimage\"},\"image\":{\"@id\":\"https:\/\/aspermonthome.com\/gadgets\/#primaryimage\"},\"thumbnailUrl\":\"http:\/\/localhost:10015\/wp-content\/uploads\/2019\/11\/gadgets2.png\",\"datePublished\":\"2019-11-13T13:47:27+00:00\",\"dateModified\":\"2019-12-02T08:18:53+00:00\",\"breadcrumb\":{\"@id\":\"https:\/\/aspermonthome.com\/gadgets\/#breadcrumb\"},\"inLanguage\":\"ru-RU\",\"potentialAction\":[{\"@type\":\"ReadAction\",\"target\":[\"https:\/\/aspermonthome.com\/gadgets\/\"]}]},{\"@type\":\"ImageObject\",\"inLanguage\":\"ru-RU\",\"@id\":\"https:\/\/aspermonthome.com\/gadgets\/#primaryimage\",\"url\":\"http:\/\/localhost:10015\/wp-content\/uploads\/2019\/11\/gadgets2.png\",\"contentUrl\":\"http:\/\/localhost:10015\/wp-content\/uploads\/2019\/11\/gadgets2.png\"},{\"@type\":\"BreadcrumbList\",\"@id\":\"https:\/\/aspermonthome.com\/gadgets\/#breadcrumb\",\"itemListElement\":[{\"@type\":\"ListItem\",\"position\":1,\"name\":\"Home\",\"item\":\"https:\/\/aspermonthome.com\/\"},{\"@type\":\"ListItem\",\"position\":2,\"name\":\"Gadgets\"}]},{\"@type\":\"WebSite\",\"@id\":\"https:\/\/aspermonthome.com\/#website\",\"url\":\"https:\/\/aspermonthome.com\/\",\"name\":\"Aspermont Home\",\"description\":\"\",\"publisher\":{\"@id\":\"https:\/\/aspermonthome.com\/#organization\"},\"potentialAction\":[{\"@type\":\"SearchAction\",\"target\":{\"@type\":\"EntryPoint\",\"urlTemplate\":\"https:\/\/aspermonthome.com\/?s={search_term_string}\"},\"query-input\":\"required name=search_term_string\"}],\"inLanguage\":\"ru-RU\"},{\"@type\":\"Organization\",\"@id\":\"https:\/\/aspermonthome.com\/#organization\",\"name\":\"Aspermont home\",\"url\":\"https:\/\/aspermonthome.com\/\",\"logo\":{\"@type\":\"ImageObject\",\"inLanguage\":\"ru-RU\",\"@id\":\"https:\/\/aspermonthome.com\/#\/schema\/logo\/image\/\",\"url\":\"https:\/\/aspermonthome.com\/wp-content\/uploads\/2020\/08\/cropped-rsz_transparant_home_logo_light.png\",\"contentUrl\":\"https:\/\/aspermonthome.com\/wp-content\/uploads\/2020\/08\/cropped-rsz_transparant_home_logo_light.png\",\"width\":292,\"height\":53,\"caption\":\"Aspermont home\"},\"image\":{\"@id\":\"https:\/\/aspermonthome.com\/#\/schema\/logo\/image\/\"}}]}<\/script>\n<!-- \/ Yoast SEO plugin. -->","yoast_head_json":{"title":"Gadgets - Aspermont Home","robots":{"index":"index","follow":"follow","max-snippet":"max-snippet:-1","max-image-preview":"max-image-preview:large","max-video-preview":"max-video-preview:-1"},"canonical":"https:\/\/aspermonthome.com\/ru\/gadgets\/","og_locale":"ru_RU","og_type":"article","og_title":"Gadgets - Aspermont Home","og_description":"We can organize limo transportation and book hotels in Zurich and Swiss mountains We can assist you in buying unique Swiss Watches We can support you in buying Luxury \/ Vintage Cars We can support you in buying Yachts We can assist you in buying Private Jets We can support you in buying Arts\/Painting We [&hellip;]","og_url":"https:\/\/aspermonthome.com\/ru\/gadgets\/","og_site_name":"Aspermont Home","article_modified_time":"2019-12-02T08:18:53+00:00","og_image":[{"url":"http:\/\/localhost:10015\/wp-content\/uploads\/2019\/11\/gadgets2.png"}],"twitter_card":"summary_large_image","twitter_misc":{"\u041f\u0440\u0438\u043c\u0435\u0440\u043d\u043e\u0435 \u0432\u0440\u0435\u043c\u044f \u0434\u043b\u044f \u0447\u0442\u0435\u043d\u0438\u044f":"1 \u043c\u0438\u043d\u0443\u0442\u0430"},"schema":{"@context":"https:\/\/schema.org","@graph":[{"@type":"WebPage","@id":"https:\/\/aspermonthome.com\/gadgets\/","url":"https:\/\/aspermonthome.com\/gadgets\/","name":"Gadgets - Aspermont Home","isPartOf":{"@id":"https:\/\/aspermonthome.com\/#website"},"primaryImageOfPage":{"@id":"https:\/\/aspermonthome.com\/gadgets\/#primaryimage"},"image":{"@id":"https:\/\/aspermonthome.com\/gadgets\/#primaryimage"},"thumbnailUrl":"http:\/\/localhost:10015\/wp-content\/uploads\/2019\/11\/gadgets2.png","datePublished":"2019-11-13T13:47:27+00:00","dateModified":"2019-12-02T08:18:53+00:00","breadcrumb":{"@id":"https:\/\/aspermonthome.com\/gadgets\/#breadcrumb"},"inLanguage":"ru-RU","potentialAction":[{"@type":"ReadAction","target":["https:\/\/aspermonthome.com\/gadgets\/"]}]},{"@type":"ImageObject","inLanguage":"ru-RU","@id":"https:\/\/aspermonthome.com\/gadgets\/#primaryimage","url":"http:\/\/localhost:10015\/wp-content\/uploads\/2019\/11\/gadgets2.png","contentUrl":"http:\/\/localhost:10015\/wp-content\/uploads\/2019\/11\/gadgets2.png"},{"@type":"BreadcrumbList","@id":"https:\/\/aspermonthome.com\/gadgets\/#breadcrumb","itemListElement":[{"@type":"ListItem","position":1,"name":"Home","item":"https:\/\/aspermonthome.com\/"},{"@type":"ListItem","position":2,"name":"Gadgets"}]},{"@type":"WebSite","@id":"https:\/\/aspermonthome.com\/#website","url":"https:\/\/aspermonthome.com\/","name":"Aspermont Home","description":"","publisher":{"@id":"https:\/\/aspermonthome.com\/#organization"},"potentialAction":[{"@type":"SearchAction","target":{"@type":"EntryPoint","urlTemplate":"https:\/\/aspermonthome.com\/?s={search_term_string}"},"query-input":"required name=search_term_string"}],"inLanguage":"ru-RU"},{"@type":"Organization","@id":"https:\/\/aspermonthome.com\/#organization","name":"Aspermont home","url":"https:\/\/aspermonthome.com\/","logo":{"@type":"ImageObject","inLanguage":"ru-RU","@id":"https:\/\/aspermonthome.com\/#\/schema\/logo\/image\/","url":"https:\/\/aspermonthome.com\/wp-content\/uploads\/2020\/08\/cropped-rsz_transparant_home_logo_light.png","contentUrl":"https:\/\/aspermonthome.com\/wp-content\/uploads\/2020\/08\/cropped-rsz_transparant_home_logo_light.png","width":292,"height":53,"caption":"Aspermont home"},"image":{"@id":"https:\/\/aspermonthome.com\/#\/schema\/logo\/image\/"}}]}},"_links":{"self":[{"href":"https:\/\/aspermonthome.com\/ru\/wp-json\/wp\/v2\/pages\/284","targetHints":{"allow":["GET"]}}],"collection":[{"href":"https:\/\/aspermonthome.com\/ru\/wp-json\/wp\/v2\/pages"}],"about":[{"href":"https:\/\/aspermonthome.com\/ru\/wp-json\/wp\/v2\/types\/page"}],"author":[{"embeddable":true,"href":"https:\/\/aspermonthome.com\/ru\/wp-json\/wp\/v2\/users\/9"}],"replies":[{"embeddable":true,"href":"https:\/\/aspermonthome.com\/ru\/wp-json\/wp\/v2\/comments?post=284"}],"version-history":[{"count":0,"href":"https:\/\/aspermonthome.com\/ru\/wp-json\/wp\/v2\/pages\/284\/revisions"}],"wp:attachment":[{"href":"https:\/\/aspermonthome.com\/ru\/wp-json\/wp\/v2\/media?parent=284"}],"curies":[{"name":"wp","href":"https:\/\/api.w.org\/{rel}","templated":true}]}}