{"id":196,"date":"2019-11-13T12:47:50","date_gmt":"2019-11-13T12:47:50","guid":{"rendered":"http:\/\/localhost:10015\/?page_id=196"},"modified":"2020-08-05T12:34:50","modified_gmt":"2020-08-05T12:34:50","slug":"private-wealth","status":"publish","type":"page","link":"https:\/\/aspermonthome.com\/ru\/private-wealth\/","title":{"rendered":"\u0412\u0440\u0430\u0447\u0430\u0440"},"content":{"rendered":"<p>Belgrade is the economic and cultural\ncenter. It is one of the largest\ncities in the region, and was once awarded `City of the\nfuture` in Southern Europe. <\/p>\n\n\n\n<p>Belgrade is divided into 17 municipalities, of which Stari grad, Savski venac and Vra\u010dar represent the heart of the city. Everything begins on Vra\u010dar.<\/p>\n\n\n\n<figure class=\"wp-block-image size-large is-resized\"><img loading=\"lazy\" decoding=\"async\" src=\"https:\/\/aspermonthome.com\/wp-content\/uploads\/2020\/08\/vracar2-1024x576.jpg\" alt=\"\" class=\"wp-image-2846\" width=\"1151\" height=\"647\" srcset=\"https:\/\/aspermonthome.com\/wp-content\/uploads\/2020\/08\/vracar2-1024x576.jpg 1024w, https:\/\/aspermonthome.com\/wp-content\/uploads\/2020\/08\/vracar2-300x169.jpg 300w, https:\/\/aspermonthome.com\/wp-content\/uploads\/2020\/08\/vracar2-768x432.jpg 768w, https:\/\/aspermonthome.com\/wp-content\/uploads\/2020\/08\/vracar2.jpg 1280w\" sizes=\"auto, (max-width: 1151px) 100vw, 1151px\" \/><\/figure>\n\n\n\n<p>The names Vra\u010dar and Vra\u010darsko Polje date\nfrom 1492 when the Turkish army planned to conquer Belgrade. In 1560 it was\nmentioned as a Christian mahala with 17 houses within the town of Belgrade.<\/p>\n\n\n\n<p>Vra\u010dar is one of older municipalities of Belgrade, so there are old houses, keepers of time and history, which were built at the same time as the municipality was formed. Old buildings and monuments witnessed historical events play out. <\/p>\n\n\n\n<figure class=\"wp-block-image size-large is-resized\"><img loading=\"lazy\" decoding=\"async\" src=\"https:\/\/aspermonthome.com\/wp-content\/uploads\/2020\/08\/vracar3.png\" alt=\"\" class=\"wp-image-2848\" width=\"1147\" height=\"138\" srcset=\"https:\/\/aspermonthome.com\/wp-content\/uploads\/2020\/08\/vracar3.png 1006w, https:\/\/aspermonthome.com\/wp-content\/uploads\/2020\/08\/vracar3-300x36.png 300w, https:\/\/aspermonthome.com\/wp-content\/uploads\/2020\/08\/vracar3-768x93.png 768w\" sizes=\"auto, (max-width: 1147px) 100vw, 1147px\" \/><\/figure>\n\n\n\n<p>Vra\u010dar keeps the memory of our rich national history. One of the earliest events that is very important for Serbian history, is the burning of the relics of Saint Sava, and spreading of the ashes in the meadow on which today is the largest and most beautiful Christian church on the Balkans &#8211; the Temple of Saint Sava.<\/p>\n\n\n\n<figure class=\"wp-block-image size-large is-resized\"><img loading=\"lazy\" decoding=\"async\" src=\"https:\/\/aspermonthome.com\/wp-content\/uploads\/2020\/08\/vracar4-1024x351.png\" alt=\"\" class=\"wp-image-2850\" width=\"1228\" height=\"420\" srcset=\"https:\/\/aspermonthome.com\/wp-content\/uploads\/2020\/08\/vracar4-1024x351.png 1024w, https:\/\/aspermonthome.com\/wp-content\/uploads\/2020\/08\/vracar4-300x103.png 300w, https:\/\/aspermonthome.com\/wp-content\/uploads\/2020\/08\/vracar4-768x263.png 768w, https:\/\/aspermonthome.com\/wp-content\/uploads\/2020\/08\/vracar4.png 1441w\" sizes=\"auto, (max-width: 1228px) 100vw, 1228px\" \/><\/figure>\n\n\n\n<div class=\"wp-block-media-text alignwide has-media-on-the-right\" style=\"grid-template-columns:auto 40%\"><figure class=\"wp-block-media-text__media\"><img decoding=\"async\" src=\"https:\/\/aspermonthome.com\/wp-content\/uploads\/2020\/08\/vracar9-1.png\" alt=\"\" class=\"wp-image-2857\"\/><\/figure><div class=\"wp-block-media-text__content\">\n<p class=\"has-text-align-left\">Vra\u010dar\nprides itself on the Nikola Tesla Museum, which preserves the urn, the entire\npersonal legacyof the scientist, extensive, correspondence, drawings and original photographs.<\/p>\n\n\n\n<p class=\"has-text-align-left\">Among all the\nparks and monuments perhaps the greatest hallmark of Vra\u010dar are the cafes and\nrestaurants that were once the meeting places for writers, poets, journalist\nand bohemians. <\/p>\n<\/div><\/div>\n\n\n\n<p>There are also sports centers that offer a rich recreational offer and there are handball, swimming, water polo fights, clubs that cultivate martial arts traditions and more.<\/p>\n\n\n\n<figure class=\"wp-block-image size-large is-resized\"><img loading=\"lazy\" decoding=\"async\" src=\"https:\/\/aspermonthome.com\/wp-content\/uploads\/2020\/08\/vracar6-1024x125.png\" alt=\"\" class=\"wp-image-2859\" width=\"1226\" height=\"149\" srcset=\"https:\/\/aspermonthome.com\/wp-content\/uploads\/2020\/08\/vracar6-1024x125.png 1024w, https:\/\/aspermonthome.com\/wp-content\/uploads\/2020\/08\/vracar6-300x37.png 300w, https:\/\/aspermonthome.com\/wp-content\/uploads\/2020\/08\/vracar6-768x94.png 768w, https:\/\/aspermonthome.com\/wp-content\/uploads\/2020\/08\/vracar6.png 1344w\" sizes=\"auto, (max-width: 1226px) 100vw, 1226px\" \/><\/figure>\n\n\n\n<p>Vra\u010dar has four theaters. Further to the professional Belgrade Drama Theater, there are Dadov and Theater left in the municipality, and there is a theater for the youngest and future great people of Puz.<\/p>\n\n\n\n<figure class=\"wp-block-image size-large is-resized\"><img loading=\"lazy\" decoding=\"async\" src=\"https:\/\/aspermonthome.com\/wp-content\/uploads\/2020\/08\/vracar7-1024x537.png\" alt=\"\" class=\"wp-image-2861\" width=\"1312\" height=\"688\" srcset=\"https:\/\/aspermonthome.com\/wp-content\/uploads\/2020\/08\/vracar7-1024x537.png 1024w, https:\/\/aspermonthome.com\/wp-content\/uploads\/2020\/08\/vracar7-300x157.png 300w, https:\/\/aspermonthome.com\/wp-content\/uploads\/2020\/08\/vracar7-768x403.png 768w, https:\/\/aspermonthome.com\/wp-content\/uploads\/2020\/08\/vracar7.png 1450w\" sizes=\"auto, (max-width: 1312px) 100vw, 1312px\" \/><\/figure>\n\n\n\n<p>In the middle of Vra\u010dar is Kaleni\u0107 Market, one of\nthe oldest and most popular green markets, and cafes are a special feature of\nthis part of Belgrade. The market\nstalls are located in the triangular square between Maksima Gorkog and\nNjego\u0161eva Streets, surrounded by many groceries, bakeries, florists. <\/p>\n\n\n\n<p>In most European markets, customers are not supposed to touch products, particularly not with bare hands. However, in Kaleni\u010d Market customers can feel free to touch, pick, squeeze, pat or sniff the fruits and vegetables. Sometimes even haggle about the price. <\/p>\n\n\n\n<figure class=\"wp-block-image size-large is-resized\"><img loading=\"lazy\" decoding=\"async\" src=\"https:\/\/aspermonthome.com\/wp-content\/uploads\/2020\/08\/rsz_11vracar8.png\" alt=\"\" class=\"wp-image-2876\" width=\"1046\" height=\"577\" srcset=\"https:\/\/aspermonthome.com\/wp-content\/uploads\/2020\/08\/rsz_11vracar8.png 544w, https:\/\/aspermonthome.com\/wp-content\/uploads\/2020\/08\/rsz_11vracar8-300x165.png 300w\" sizes=\"auto, (max-width: 1046px) 100vw, 1046px\" \/><\/figure>","protected":false},"excerpt":{"rendered":"<p>Belgrade is the economic and cultural center. It is one of the largest cities in the region, and was once awarded `City of the future` in Southern Europe. Belgrade is divided into 17 municipalities, of which Stari grad, Savski venac and Vra\u010dar represent the heart of the city. Everything begins on Vra\u010dar. The names Vra\u010dar [&hellip;]<\/p>","protected":false},"author":9,"featured_media":0,"parent":0,"menu_order":0,"comment_status":"closed","ping_status":"closed","template":"allpage-template.php","meta":{"footnotes":""},"class_list":["post-196","page","type-page","status-publish","hentry"],"yoast_head":"<!-- This site is optimized with the Yoast SEO plugin v22.3 - https:\/\/yoast.com\/wordpress\/plugins\/seo\/ -->\n<title>Vra\u010dar - Aspermont Home<\/title>\n<meta name=\"robots\" content=\"index, follow, max-snippet:-1, max-image-preview:large, max-video-preview:-1\" \/>\n<link rel=\"canonical\" href=\"https:\/\/aspermonthome.com\/ru\/private-wealth\/\" \/>\n<meta property=\"og:locale\" content=\"ru_RU\" \/>\n<meta property=\"og:type\" content=\"article\" \/>\n<meta property=\"og:title\" content=\"Vra\u010dar - Aspermont Home\" \/>\n<meta property=\"og:description\" content=\"Belgrade is the economic and cultural center. It is one of the largest cities in the region, and was once awarded `City of the future` in Southern Europe. Belgrade is divided into 17 municipalities, of which Stari grad, Savski venac and Vra\u010dar represent the heart of the city. Everything begins on Vra\u010dar. The names Vra\u010dar [&hellip;]\" \/>\n<meta property=\"og:url\" content=\"https:\/\/aspermonthome.com\/ru\/private-wealth\/\" \/>\n<meta property=\"og:site_name\" content=\"Aspermont Home\" \/>\n<meta property=\"article:modified_time\" content=\"2020-08-05T12:34:50+00:00\" \/>\n<meta property=\"og:image\" content=\"https:\/\/aspermonthome.com\/wp-content\/uploads\/2020\/08\/vracar2-1024x576.jpg\" \/>\n<meta name=\"twitter:card\" content=\"summary_large_image\" \/>\n<meta name=\"twitter:label1\" content=\"\u041f\u0440\u0438\u043c\u0435\u0440\u043d\u043e\u0435 \u0432\u0440\u0435\u043c\u044f \u0434\u043b\u044f \u0447\u0442\u0435\u043d\u0438\u044f\" \/>\n\t<meta name=\"twitter:data1\" content=\"2 \u043c\u0438\u043d\u0443\u0442\u044b\" \/>\n<script type=\"application\/ld+json\" class=\"yoast-schema-graph\">{\"@context\":\"https:\/\/schema.org\",\"@graph\":[{\"@type\":\"WebPage\",\"@id\":\"https:\/\/aspermonthome.com\/private-wealth\/\",\"url\":\"https:\/\/aspermonthome.com\/private-wealth\/\",\"name\":\"Vra\u010dar - Aspermont Home\",\"isPartOf\":{\"@id\":\"https:\/\/aspermonthome.com\/#website\"},\"primaryImageOfPage\":{\"@id\":\"https:\/\/aspermonthome.com\/private-wealth\/#primaryimage\"},\"image\":{\"@id\":\"https:\/\/aspermonthome.com\/private-wealth\/#primaryimage\"},\"thumbnailUrl\":\"https:\/\/aspermonthome.com\/wp-content\/uploads\/2020\/08\/vracar2-1024x576.jpg\",\"datePublished\":\"2019-11-13T12:47:50+00:00\",\"dateModified\":\"2020-08-05T12:34:50+00:00\",\"breadcrumb\":{\"@id\":\"https:\/\/aspermonthome.com\/private-wealth\/#breadcrumb\"},\"inLanguage\":\"ru-RU\",\"potentialAction\":[{\"@type\":\"ReadAction\",\"target\":[\"https:\/\/aspermonthome.com\/private-wealth\/\"]}]},{\"@type\":\"ImageObject\",\"inLanguage\":\"ru-RU\",\"@id\":\"https:\/\/aspermonthome.com\/private-wealth\/#primaryimage\",\"url\":\"https:\/\/aspermonthome.com\/wp-content\/uploads\/2020\/08\/vracar2.jpg\",\"contentUrl\":\"https:\/\/aspermonthome.com\/wp-content\/uploads\/2020\/08\/vracar2.jpg\",\"width\":1280,\"height\":720},{\"@type\":\"BreadcrumbList\",\"@id\":\"https:\/\/aspermonthome.com\/private-wealth\/#breadcrumb\",\"itemListElement\":[{\"@type\":\"ListItem\",\"position\":1,\"name\":\"Home\",\"item\":\"https:\/\/aspermonthome.com\/\"},{\"@type\":\"ListItem\",\"position\":2,\"name\":\"Vra\u010dar\"}]},{\"@type\":\"WebSite\",\"@id\":\"https:\/\/aspermonthome.com\/#website\",\"url\":\"https:\/\/aspermonthome.com\/\",\"name\":\"Aspermont Home\",\"description\":\"\",\"publisher\":{\"@id\":\"https:\/\/aspermonthome.com\/#organization\"},\"potentialAction\":[{\"@type\":\"SearchAction\",\"target\":{\"@type\":\"EntryPoint\",\"urlTemplate\":\"https:\/\/aspermonthome.com\/?s={search_term_string}\"},\"query-input\":\"required name=search_term_string\"}],\"inLanguage\":\"ru-RU\"},{\"@type\":\"Organization\",\"@id\":\"https:\/\/aspermonthome.com\/#organization\",\"name\":\"Aspermont home\",\"url\":\"https:\/\/aspermonthome.com\/\",\"logo\":{\"@type\":\"ImageObject\",\"inLanguage\":\"ru-RU\",\"@id\":\"https:\/\/aspermonthome.com\/#\/schema\/logo\/image\/\",\"url\":\"https:\/\/aspermonthome.com\/wp-content\/uploads\/2020\/08\/cropped-rsz_transparant_home_logo_light.png\",\"contentUrl\":\"https:\/\/aspermonthome.com\/wp-content\/uploads\/2020\/08\/cropped-rsz_transparant_home_logo_light.png\",\"width\":292,\"height\":53,\"caption\":\"Aspermont home\"},\"image\":{\"@id\":\"https:\/\/aspermonthome.com\/#\/schema\/logo\/image\/\"}}]}<\/script>\n<!-- \/ Yoast SEO plugin. -->","yoast_head_json":{"title":"Vra\u010dar - Aspermont Home","robots":{"index":"index","follow":"follow","max-snippet":"max-snippet:-1","max-image-preview":"max-image-preview:large","max-video-preview":"max-video-preview:-1"},"canonical":"https:\/\/aspermonthome.com\/ru\/private-wealth\/","og_locale":"ru_RU","og_type":"article","og_title":"Vra\u010dar - Aspermont Home","og_description":"Belgrade is the economic and cultural center. It is one of the largest cities in the region, and was once awarded `City of the future` in Southern Europe. Belgrade is divided into 17 municipalities, of which Stari grad, Savski venac and Vra\u010dar represent the heart of the city. Everything begins on Vra\u010dar. The names Vra\u010dar [&hellip;]","og_url":"https:\/\/aspermonthome.com\/ru\/private-wealth\/","og_site_name":"Aspermont Home","article_modified_time":"2020-08-05T12:34:50+00:00","og_image":[{"url":"https:\/\/aspermonthome.com\/wp-content\/uploads\/2020\/08\/vracar2-1024x576.jpg"}],"twitter_card":"summary_large_image","twitter_misc":{"\u041f\u0440\u0438\u043c\u0435\u0440\u043d\u043e\u0435 \u0432\u0440\u0435\u043c\u044f \u0434\u043b\u044f \u0447\u0442\u0435\u043d\u0438\u044f":"2 \u043c\u0438\u043d\u0443\u0442\u044b"},"schema":{"@context":"https:\/\/schema.org","@graph":[{"@type":"WebPage","@id":"https:\/\/aspermonthome.com\/private-wealth\/","url":"https:\/\/aspermonthome.com\/private-wealth\/","name":"Vra\u010dar - Aspermont Home","isPartOf":{"@id":"https:\/\/aspermonthome.com\/#website"},"primaryImageOfPage":{"@id":"https:\/\/aspermonthome.com\/private-wealth\/#primaryimage"},"image":{"@id":"https:\/\/aspermonthome.com\/private-wealth\/#primaryimage"},"thumbnailUrl":"https:\/\/aspermonthome.com\/wp-content\/uploads\/2020\/08\/vracar2-1024x576.jpg","datePublished":"2019-11-13T12:47:50+00:00","dateModified":"2020-08-05T12:34:50+00:00","breadcrumb":{"@id":"https:\/\/aspermonthome.com\/private-wealth\/#breadcrumb"},"inLanguage":"ru-RU","potentialAction":[{"@type":"ReadAction","target":["https:\/\/aspermonthome.com\/private-wealth\/"]}]},{"@type":"ImageObject","inLanguage":"ru-RU","@id":"https:\/\/aspermonthome.com\/private-wealth\/#primaryimage","url":"https:\/\/aspermonthome.com\/wp-content\/uploads\/2020\/08\/vracar2.jpg","contentUrl":"https:\/\/aspermonthome.com\/wp-content\/uploads\/2020\/08\/vracar2.jpg","width":1280,"height":720},{"@type":"BreadcrumbList","@id":"https:\/\/aspermonthome.com\/private-wealth\/#breadcrumb","itemListElement":[{"@type":"ListItem","position":1,"name":"Home","item":"https:\/\/aspermonthome.com\/"},{"@type":"ListItem","position":2,"name":"Vra\u010dar"}]},{"@type":"WebSite","@id":"https:\/\/aspermonthome.com\/#website","url":"https:\/\/aspermonthome.com\/","name":"Aspermont Home","description":"","publisher":{"@id":"https:\/\/aspermonthome.com\/#organization"},"potentialAction":[{"@type":"SearchAction","target":{"@type":"EntryPoint","urlTemplate":"https:\/\/aspermonthome.com\/?s={search_term_string}"},"query-input":"required name=search_term_string"}],"inLanguage":"ru-RU"},{"@type":"Organization","@id":"https:\/\/aspermonthome.com\/#organization","name":"Aspermont home","url":"https:\/\/aspermonthome.com\/","logo":{"@type":"ImageObject","inLanguage":"ru-RU","@id":"https:\/\/aspermonthome.com\/#\/schema\/logo\/image\/","url":"https:\/\/aspermonthome.com\/wp-content\/uploads\/2020\/08\/cropped-rsz_transparant_home_logo_light.png","contentUrl":"https:\/\/aspermonthome.com\/wp-content\/uploads\/2020\/08\/cropped-rsz_transparant_home_logo_light.png","width":292,"height":53,"caption":"Aspermont home"},"image":{"@id":"https:\/\/aspermonthome.com\/#\/schema\/logo\/image\/"}}]}},"_links":{"self":[{"href":"https:\/\/aspermonthome.com\/ru\/wp-json\/wp\/v2\/pages\/196","targetHints":{"allow":["GET"]}}],"collection":[{"href":"https:\/\/aspermonthome.com\/ru\/wp-json\/wp\/v2\/pages"}],"about":[{"href":"https:\/\/aspermonthome.com\/ru\/wp-json\/wp\/v2\/types\/page"}],"author":[{"embeddable":true,"href":"https:\/\/aspermonthome.com\/ru\/wp-json\/wp\/v2\/users\/9"}],"replies":[{"embeddable":true,"href":"https:\/\/aspermonthome.com\/ru\/wp-json\/wp\/v2\/comments?post=196"}],"version-history":[{"count":0,"href":"https:\/\/aspermonthome.com\/ru\/wp-json\/wp\/v2\/pages\/196\/revisions"}],"wp:attachment":[{"href":"https:\/\/aspermonthome.com\/ru\/wp-json\/wp\/v2\/media?parent=196"}],"curies":[{"name":"wp","href":"https:\/\/api.w.org\/{rel}","templated":true}]}}