{"id":158,"date":"2019-11-13T12:28:49","date_gmt":"2019-11-13T12:28:49","guid":{"rendered":"http:\/\/localhost:10015\/?page_id=158"},"modified":"2019-11-13T12:28:49","modified_gmt":"2019-11-13T12:28:49","slug":"investment-process","status":"publish","type":"page","link":"https:\/\/aspermonthome.com\/ru\/investment-process\/","title":{"rendered":"Investment Process"},"content":{"rendered":"<p><strong>The starting point in our investment process is the Client\u00d4\u00c7\u00ffs specific profile.<\/strong><\/p>\n\n\n\n<p> Based on a comprehensive qualitative and quantitative analysis, we define the investment strategy which meets the Client\u00d4\u00c7\u00ffs personal and financial situation and requirements. <\/p>\n\n\n\n<figure class=\"wp-block-image size-large is-resized\"><img loading=\"lazy\" decoding=\"async\" src=\"http:\/\/localhost:10015\/wp-content\/uploads\/2019\/11\/investment-process.jpg\" alt=\"\" class=\"wp-image-159\" width=\"749\" height=\"470\" srcset=\"https:\/\/aspermonthome.com\/wp-content\/uploads\/2019\/11\/investment-process.jpg 749w, https:\/\/aspermonthome.com\/wp-content\/uploads\/2019\/11\/investment-process-300x188.jpg 300w\" sizes=\"auto, (max-width: 749px) 100vw, 749px\" \/><\/figure>","protected":false},"excerpt":{"rendered":"<p>The starting point in our investment process is the Client\u00d4\u00c7\u00ffs specific profile. Based on a comprehensive qualitative and quantitative analysis, we define the investment strategy which meets the Client\u00d4\u00c7\u00ffs personal and financial situation and requirements.<\/p>","protected":false},"author":9,"featured_media":0,"parent":0,"menu_order":0,"comment_status":"closed","ping_status":"closed","template":"allpage-template.php","meta":{"footnotes":""},"class_list":["post-158","page","type-page","status-publish","hentry"],"yoast_head":"<!-- This site is optimized with the Yoast SEO plugin v22.3 - https:\/\/yoast.com\/wordpress\/plugins\/seo\/ -->\n<title>Investment Process - Aspermont Home<\/title>\n<meta name=\"robots\" content=\"index, follow, max-snippet:-1, max-image-preview:large, max-video-preview:-1\" \/>\n<link rel=\"canonical\" href=\"https:\/\/aspermonthome.com\/ru\/investment-process\/\" \/>\n<meta property=\"og:locale\" content=\"ru_RU\" \/>\n<meta property=\"og:type\" content=\"article\" \/>\n<meta property=\"og:title\" content=\"Investment Process - Aspermont Home\" \/>\n<meta property=\"og:description\" content=\"The starting point in our investment process is the Client\u00d4\u00c7\u00ffs specific profile. Based on a comprehensive qualitative and quantitative analysis, we define the investment strategy which meets the Client\u00d4\u00c7\u00ffs personal and financial situation and requirements.\" \/>\n<meta property=\"og:url\" content=\"https:\/\/aspermonthome.com\/ru\/investment-process\/\" \/>\n<meta property=\"og:site_name\" content=\"Aspermont Home\" \/>\n<meta property=\"og:image\" content=\"http:\/\/localhost:10015\/wp-content\/uploads\/2019\/11\/investment-process.jpg\" \/>\n<meta name=\"twitter:card\" content=\"summary_large_image\" \/>\n<script type=\"application\/ld+json\" class=\"yoast-schema-graph\">{\"@context\":\"https:\/\/schema.org\",\"@graph\":[{\"@type\":\"WebPage\",\"@id\":\"https:\/\/aspermonthome.com\/investment-process\/\",\"url\":\"https:\/\/aspermonthome.com\/investment-process\/\",\"name\":\"Investment Process - Aspermont Home\",\"isPartOf\":{\"@id\":\"https:\/\/aspermonthome.com\/#website\"},\"primaryImageOfPage\":{\"@id\":\"https:\/\/aspermonthome.com\/investment-process\/#primaryimage\"},\"image\":{\"@id\":\"https:\/\/aspermonthome.com\/investment-process\/#primaryimage\"},\"thumbnailUrl\":\"http:\/\/localhost:10015\/wp-content\/uploads\/2019\/11\/investment-process.jpg\",\"datePublished\":\"2019-11-13T12:28:49+00:00\",\"dateModified\":\"2019-11-13T12:28:49+00:00\",\"breadcrumb\":{\"@id\":\"https:\/\/aspermonthome.com\/investment-process\/#breadcrumb\"},\"inLanguage\":\"ru-RU\",\"potentialAction\":[{\"@type\":\"ReadAction\",\"target\":[\"https:\/\/aspermonthome.com\/investment-process\/\"]}]},{\"@type\":\"ImageObject\",\"inLanguage\":\"ru-RU\",\"@id\":\"https:\/\/aspermonthome.com\/investment-process\/#primaryimage\",\"url\":\"http:\/\/localhost:10015\/wp-content\/uploads\/2019\/11\/investment-process.jpg\",\"contentUrl\":\"http:\/\/localhost:10015\/wp-content\/uploads\/2019\/11\/investment-process.jpg\"},{\"@type\":\"BreadcrumbList\",\"@id\":\"https:\/\/aspermonthome.com\/investment-process\/#breadcrumb\",\"itemListElement\":[{\"@type\":\"ListItem\",\"position\":1,\"name\":\"Home\",\"item\":\"https:\/\/aspermonthome.com\/\"},{\"@type\":\"ListItem\",\"position\":2,\"name\":\"Investment Process\"}]},{\"@type\":\"WebSite\",\"@id\":\"https:\/\/aspermonthome.com\/#website\",\"url\":\"https:\/\/aspermonthome.com\/\",\"name\":\"Aspermont Home\",\"description\":\"\",\"publisher\":{\"@id\":\"https:\/\/aspermonthome.com\/#organization\"},\"potentialAction\":[{\"@type\":\"SearchAction\",\"target\":{\"@type\":\"EntryPoint\",\"urlTemplate\":\"https:\/\/aspermonthome.com\/?s={search_term_string}\"},\"query-input\":\"required name=search_term_string\"}],\"inLanguage\":\"ru-RU\"},{\"@type\":\"Organization\",\"@id\":\"https:\/\/aspermonthome.com\/#organization\",\"name\":\"Aspermont home\",\"url\":\"https:\/\/aspermonthome.com\/\",\"logo\":{\"@type\":\"ImageObject\",\"inLanguage\":\"ru-RU\",\"@id\":\"https:\/\/aspermonthome.com\/#\/schema\/logo\/image\/\",\"url\":\"https:\/\/aspermonthome.com\/wp-content\/uploads\/2020\/08\/cropped-rsz_transparant_home_logo_light.png\",\"contentUrl\":\"https:\/\/aspermonthome.com\/wp-content\/uploads\/2020\/08\/cropped-rsz_transparant_home_logo_light.png\",\"width\":292,\"height\":53,\"caption\":\"Aspermont home\"},\"image\":{\"@id\":\"https:\/\/aspermonthome.com\/#\/schema\/logo\/image\/\"}}]}<\/script>\n<!-- \/ Yoast SEO plugin. -->","yoast_head_json":{"title":"Investment Process - Aspermont Home","robots":{"index":"index","follow":"follow","max-snippet":"max-snippet:-1","max-image-preview":"max-image-preview:large","max-video-preview":"max-video-preview:-1"},"canonical":"https:\/\/aspermonthome.com\/ru\/investment-process\/","og_locale":"ru_RU","og_type":"article","og_title":"Investment Process - Aspermont Home","og_description":"The starting point in our investment process is the Client\u00d4\u00c7\u00ffs specific profile. Based on a comprehensive qualitative and quantitative analysis, we define the investment strategy which meets the Client\u00d4\u00c7\u00ffs personal and financial situation and requirements.","og_url":"https:\/\/aspermonthome.com\/ru\/investment-process\/","og_site_name":"Aspermont Home","og_image":[{"url":"http:\/\/localhost:10015\/wp-content\/uploads\/2019\/11\/investment-process.jpg"}],"twitter_card":"summary_large_image","schema":{"@context":"https:\/\/schema.org","@graph":[{"@type":"WebPage","@id":"https:\/\/aspermonthome.com\/investment-process\/","url":"https:\/\/aspermonthome.com\/investment-process\/","name":"Investment Process - Aspermont Home","isPartOf":{"@id":"https:\/\/aspermonthome.com\/#website"},"primaryImageOfPage":{"@id":"https:\/\/aspermonthome.com\/investment-process\/#primaryimage"},"image":{"@id":"https:\/\/aspermonthome.com\/investment-process\/#primaryimage"},"thumbnailUrl":"http:\/\/localhost:10015\/wp-content\/uploads\/2019\/11\/investment-process.jpg","datePublished":"2019-11-13T12:28:49+00:00","dateModified":"2019-11-13T12:28:49+00:00","breadcrumb":{"@id":"https:\/\/aspermonthome.com\/investment-process\/#breadcrumb"},"inLanguage":"ru-RU","potentialAction":[{"@type":"ReadAction","target":["https:\/\/aspermonthome.com\/investment-process\/"]}]},{"@type":"ImageObject","inLanguage":"ru-RU","@id":"https:\/\/aspermonthome.com\/investment-process\/#primaryimage","url":"http:\/\/localhost:10015\/wp-content\/uploads\/2019\/11\/investment-process.jpg","contentUrl":"http:\/\/localhost:10015\/wp-content\/uploads\/2019\/11\/investment-process.jpg"},{"@type":"BreadcrumbList","@id":"https:\/\/aspermonthome.com\/investment-process\/#breadcrumb","itemListElement":[{"@type":"ListItem","position":1,"name":"Home","item":"https:\/\/aspermonthome.com\/"},{"@type":"ListItem","position":2,"name":"Investment Process"}]},{"@type":"WebSite","@id":"https:\/\/aspermonthome.com\/#website","url":"https:\/\/aspermonthome.com\/","name":"Aspermont Home","description":"","publisher":{"@id":"https:\/\/aspermonthome.com\/#organization"},"potentialAction":[{"@type":"SearchAction","target":{"@type":"EntryPoint","urlTemplate":"https:\/\/aspermonthome.com\/?s={search_term_string}"},"query-input":"required name=search_term_string"}],"inLanguage":"ru-RU"},{"@type":"Organization","@id":"https:\/\/aspermonthome.com\/#organization","name":"Aspermont home","url":"https:\/\/aspermonthome.com\/","logo":{"@type":"ImageObject","inLanguage":"ru-RU","@id":"https:\/\/aspermonthome.com\/#\/schema\/logo\/image\/","url":"https:\/\/aspermonthome.com\/wp-content\/uploads\/2020\/08\/cropped-rsz_transparant_home_logo_light.png","contentUrl":"https:\/\/aspermonthome.com\/wp-content\/uploads\/2020\/08\/cropped-rsz_transparant_home_logo_light.png","width":292,"height":53,"caption":"Aspermont home"},"image":{"@id":"https:\/\/aspermonthome.com\/#\/schema\/logo\/image\/"}}]}},"_links":{"self":[{"href":"https:\/\/aspermonthome.com\/ru\/wp-json\/wp\/v2\/pages\/158","targetHints":{"allow":["GET"]}}],"collection":[{"href":"https:\/\/aspermonthome.com\/ru\/wp-json\/wp\/v2\/pages"}],"about":[{"href":"https:\/\/aspermonthome.com\/ru\/wp-json\/wp\/v2\/types\/page"}],"author":[{"embeddable":true,"href":"https:\/\/aspermonthome.com\/ru\/wp-json\/wp\/v2\/users\/9"}],"replies":[{"embeddable":true,"href":"https:\/\/aspermonthome.com\/ru\/wp-json\/wp\/v2\/comments?post=158"}],"version-history":[{"count":0,"href":"https:\/\/aspermonthome.com\/ru\/wp-json\/wp\/v2\/pages\/158\/revisions"}],"wp:attachment":[{"href":"https:\/\/aspermonthome.com\/ru\/wp-json\/wp\/v2\/media?parent=158"}],"curies":[{"name":"wp","href":"https:\/\/api.w.org\/{rel}","templated":true}]}}